{"id":787,"date":"2025-09-05T15:50:15","date_gmt":"2025-09-05T15:50:15","guid":{"rendered":"http:\/\/localhost\/gaberwp\/?page_id=787"},"modified":"2025-11-06T03:57:46","modified_gmt":"2025-11-06T03:57:46","slug":"series-2","status":"publish","type":"page","link":"https:\/\/williamgaber.com\/en\/series-2\/","title":{"rendered":"Series"},"content":{"rendered":"<div data-elementor-type=\"wp-page\" data-elementor-id=\"787\" class=\"elementor elementor-787\">\n\t\t\t\t<div class=\"elementor-element elementor-element-3433d57 e-con-full e-flex wpr-particle-no wpr-jarallax-no wpr-parallax-no wpr-sticky-section-no wpr-equal-height-no e-con e-parent\" data-id=\"3433d57\" data-element_type=\"container\" data-e-type=\"container\">\n\t\t\t\t<div class=\"elementor-element elementor-element-311bc8a elementor-widget elementor-widget-spacer\" data-id=\"311bc8a\" data-element_type=\"widget\" data-e-type=\"widget\" data-widget_type=\"spacer.default\">\n\t\t\t\t\t\t\t<div class=\"elementor-spacer\">\n\t\t\t<div class=\"elementor-spacer-inner\"><\/div>\n\t\t<\/div>\n\t\t\t\t\t\t<\/div>\n\t\t\t\t<div class=\"elementor-element elementor-element-bbfdcdd elementor-widget elementor-widget-spacer\" data-id=\"bbfdcdd\" data-element_type=\"widget\" data-e-type=\"widget\" data-widget_type=\"spacer.default\">\n\t\t\t\t\t\t\t<div class=\"elementor-spacer\">\n\t\t\t<div class=\"elementor-spacer-inner\"><\/div>\n\t\t<\/div>\n\t\t\t\t\t\t<\/div>\n\t\t\t\t<div class=\"elementor-element elementor-element-089abe7 elementor-widget__width-inherit elementor-invisible elementor-widget elementor-widget-eael-image-accordion\" data-id=\"089abe7\" data-element_type=\"widget\" data-e-type=\"widget\" data-settings=\"{&quot;_animation&quot;:&quot;fadeInUp&quot;}\" data-widget_type=\"eael-image-accordion.default\">\n\t\t\t\t\t    <div class=\"eael-img-accordion accordion-direction-horizontal eael-img-accordion-horizontal-align-center eael-img-accordion-vertical-align-center\" id=\"eael-img-accordion-089abe7\" data-img-accordion-id=\"089abe7\" data-img-accordion-type=\"on-hover\">\n                    \n            <div class=\"eael-image-accordion-hover eael-image-accordion-item\" style=\"background-image: url(http:\/\/williamgaber.com\/wp-content\/uploads\/2025\/09\/Ar1EpDkg.jpeg);\"  tabindex=\"0\">\n                <div class=\"overlay\">\n                                        <div class=\"overlay-inner\">\n                        <a href=\"https:\/\/williamgaber.com\/en\/sacret-places-copy\/\"><h2 class=\"img-accordion-title\">Sacred Places<\/h2><\/a>                            <p><p>Fantastic places that represent the soul and the being<\/p><\/p>\n                                            <\/div>\n                <\/div>\n            <\/div>\n                    \n            <div class=\"eael-image-accordion-hover eael-image-accordion-item\" style=\"background-image: url(http:\/\/williamgaber.com\/wp-content\/uploads\/2025\/09\/JC_bAnvA.jpeg);\"  tabindex=\"0\">\n                <div class=\"overlay\">\n                                        <div class=\"overlay-inner\">\n                        <a href=\"https:\/\/williamgaber.com\/en\/enteros\/\"><h2 class=\"img-accordion-title\">Whole<\/h2><\/a>                            <p><p>Formal explorations in painting with geometry and color as central themes<\/p><\/p>\n                                            <\/div>\n                <\/div>\n            <\/div>\n                    \n            <div class=\"eael-image-accordion-hover eael-image-accordion-item\" style=\"background-image: url(http:\/\/williamgaber.com\/wp-content\/uploads\/2025\/10\/loquedejamospasar-editado.jpg);\"  tabindex=\"0\">\n                <div class=\"overlay\">\n                                        <div class=\"overlay-inner\">\n                        <a href=\"https:\/\/williamgaber.com\/en\/lo-que-dejamos-pasar\/\"><h2 class=\"img-accordion-title\">What we let through<\/h2><\/a>                            <p><p>Geometric shapes that refer to formal architectural elements, originally functional.<\/p><\/p>\n                                            <\/div>\n                <\/div>\n            <\/div>\n                    \n            <div class=\"eael-image-accordion-hover eael-image-accordion-item\" style=\"background-image: url(http:\/\/williamgaber.com\/wp-content\/uploads\/2025\/09\/Captura-de-pantalla-2025-09-29-094707.png);\"  tabindex=\"0\">\n                <div class=\"overlay\">\n                                        <div class=\"overlay-inner\">\n                        <a href=\"https:\/\/williamgaber.com\/en\/un-techo-sobre-mi-cabeza\/\"><h2 class=\"img-accordion-title\">A roof over my head<\/h2><\/a>                            <p><p>Reflect on architecture as a container of life<\/p><\/p>\n                                            <\/div>\n                <\/div>\n            <\/div>\n                    \n            <div class=\"eael-image-accordion-hover eael-image-accordion-item\" style=\"background-image: url(http:\/\/williamgaber.com\/wp-content\/uploads\/2025\/09\/Captura-de-pantalla-2025-09-29-112919.png);\"  tabindex=\"0\">\n                <div class=\"overlay\">\n                                        <div class=\"overlay-inner\">\n                        <a href=\"https:\/\/williamgaber.com\/en\/eres-quien-practicas-ser\/\"><h2 class=\"img-accordion-title\">You are who you practice being<\/h2><\/a>                            <p><p>You are not who you think you are; you are who you practice being.<\/p><\/p>\n                                            <\/div>\n                <\/div>\n            <\/div>\n                    \n            <div class=\"eael-image-accordion-hover eael-image-accordion-item\" style=\"background-image: url(http:\/\/williamgaber.com\/wp-content\/uploads\/2025\/09\/Y9t-jZvA.jpg);\"  tabindex=\"0\">\n                <div class=\"overlay\">\n                                        <div class=\"overlay-inner\">\n                        <a href=\"https:\/\/williamgaber.com\/en\/monumentos\/\"><h2 class=\"img-accordion-title\">Monumentos<\/h2><\/a>                            <p><p><span class=\"dig-1hicw9p1_4-4-0 dig-1hicw9p0_4-4-0 dig-ekabin0_4-4-0 dig-Theme-vis2023 dig-Theme-vis2023--dark dig-Mode--dark In-Theme-Provider\">Reflect on the monument, taking it as a node in which \u201cthe public\u201d becomes more complex<\/span><\/p><\/p>\n                                            <\/div>\n                <\/div>\n            <\/div>\n                <\/div>\n        <style typr=\"text\/css\">\n                    #eael-img-accordion-089abe7 .eael-image-accordion-hover:hover {\n                        flex: 3 1 0% !important;\n                    }\n                    #eael-img-accordion-089abe7 .eael-image-accordion-hover:hover:hover .overlay-inner * {\n                        opacity: 1;\n                        visibility: visible;\n                        transform: none;\n                        transition: all .3s .3s;\n                    }\n                <\/style>\t\t\t\t<\/div>\n\t\t\t\t<div class=\"elementor-element elementor-element-573c9d8 elementor-widget elementor-widget-spacer\" data-id=\"573c9d8\" data-element_type=\"widget\" data-e-type=\"widget\" data-widget_type=\"spacer.default\">\n\t\t\t\t\t\t\t<div class=\"elementor-spacer\">\n\t\t\t<div class=\"elementor-spacer-inner\"><\/div>\n\t\t<\/div>\n\t\t\t\t\t\t<\/div>\n\t\t\t\t<\/div>\n\t\t<div class=\"elementor-element elementor-element-d21b6a1 e-flex e-con-boxed wpr-particle-no wpr-jarallax-no wpr-parallax-no wpr-sticky-section-no wpr-equal-height-no e-con e-parent\" data-id=\"d21b6a1\" data-element_type=\"container\" data-e-type=\"container\">\n\t\t\t\t\t<div class=\"e-con-inner\">\n\t\t\t\t<div class=\"elementor-element elementor-element-2a0543c elementor-widget elementor-widget-spacer\" data-id=\"2a0543c\" data-element_type=\"widget\" data-e-type=\"widget\" data-widget_type=\"spacer.default\">\n\t\t\t\t\t\t\t<div class=\"elementor-spacer\">\n\t\t\t<div class=\"elementor-spacer-inner\"><\/div>\n\t\t<\/div>\n\t\t\t\t\t\t<\/div>\n\t\t\t\t\t<\/div>\n\t\t\t\t<\/div>\n\t\t<div class=\"elementor-element elementor-element-20dc7b2 e-flex e-con-boxed wpr-particle-no wpr-jarallax-no wpr-parallax-no wpr-sticky-section-no wpr-equal-height-no e-con e-parent\" data-id=\"20dc7b2\" data-element_type=\"container\" data-e-type=\"container\">\n\t\t\t\t\t<div class=\"e-con-inner\">\n\t\t\t\t<div class=\"elementor-element elementor-element-31d7f28 elementor-widget elementor-widget-spacer\" data-id=\"31d7f28\" data-element_type=\"widget\" data-e-type=\"widget\" data-widget_type=\"spacer.default\">\n\t\t\t\t\t\t\t<div class=\"elementor-spacer\">\n\t\t\t<div class=\"elementor-spacer-inner\"><\/div>\n\t\t<\/div>\n\t\t\t\t\t\t<\/div>\n\t\t\t\t\t<\/div>\n\t\t\t\t<\/div>\n\t\t\t\t<\/div>","protected":false},"excerpt":{"rendered":"<p>Lugares Sagrados Lugares fant\u00e1sticos que representan el alma y el ser Enteros Exploraciones formales en pintura con la geometr\u00eda y el color como temas centrales Lo que dejamos pasar Formas geom\u00e9tricas que remiten a elementos formales arquitect\u00f3nicos, originalmente funcionales. Un techo sobre mi cabeza Reflexionar sobre la arquitectura como contenedor de vida Eres quien practicas ser No eres quien crees ser; eres quien practicas ser Monumentos Reflexionar sobre el monumento, tom\u00e1ndolo como un n\u00f3dulo en el que \u201clo p\u00fablico\u201d se complejiza<\/p>","protected":false},"author":1,"featured_media":0,"parent":0,"menu_order":0,"comment_status":"closed","ping_status":"closed","template":"","meta":{"footnotes":""},"class_list":["post-787","page","type-page","status-publish","hentry"],"_links":{"self":[{"href":"https:\/\/williamgaber.com\/en\/wp-json\/wp\/v2\/pages\/787","targetHints":{"allow":["GET"]}}],"collection":[{"href":"https:\/\/williamgaber.com\/en\/wp-json\/wp\/v2\/pages"}],"about":[{"href":"https:\/\/williamgaber.com\/en\/wp-json\/wp\/v2\/types\/page"}],"author":[{"embeddable":true,"href":"https:\/\/williamgaber.com\/en\/wp-json\/wp\/v2\/users\/1"}],"replies":[{"embeddable":true,"href":"https:\/\/williamgaber.com\/en\/wp-json\/wp\/v2\/comments?post=787"}],"version-history":[{"count":106,"href":"https:\/\/williamgaber.com\/en\/wp-json\/wp\/v2\/pages\/787\/revisions"}],"predecessor-version":[{"id":2366,"href":"https:\/\/williamgaber.com\/en\/wp-json\/wp\/v2\/pages\/787\/revisions\/2366"}],"wp:attachment":[{"href":"https:\/\/williamgaber.com\/en\/wp-json\/wp\/v2\/media?parent=787"}],"curies":[{"name":"wp","href":"https:\/\/api.w.org\/{rel}","templated":true}]}}