{"id":599,"date":"2025-09-03T15:48:21","date_gmt":"2025-09-03T15:48:21","guid":{"rendered":"http:\/\/localhost\/gaberwp\/?page_id=599"},"modified":"2025-11-04T16:23:00","modified_gmt":"2025-11-04T16:23:00","slug":"biografia","status":"publish","type":"page","link":"https:\/\/williamgaber.com\/en\/biografia\/","title":{"rendered":"Biografia"},"content":{"rendered":"<div data-elementor-type=\"wp-page\" data-elementor-id=\"599\" class=\"elementor elementor-599\">\n\t\t\t\t<div class=\"elementor-element elementor-element-45e757d e-flex e-con-boxed wpr-particle-no wpr-jarallax-no wpr-parallax-no wpr-sticky-section-no wpr-equal-height-no e-con e-parent\" data-id=\"45e757d\" data-element_type=\"container\" data-e-type=\"container\">\n\t\t\t\t\t<div class=\"e-con-inner\">\n\t\t\t\t<div class=\"elementor-element elementor-element-003e6e2 elementor-widget-laptop__width-initial e-transform elementor-vertical-align-bottom elementor-invisible elementor-widget elementor-widget-image-box\" data-id=\"003e6e2\" data-element_type=\"widget\" data-e-type=\"widget\" data-settings=\"{&quot;_transform_skewX_effect&quot;:{&quot;unit&quot;:&quot;px&quot;,&quot;size&quot;:0,&quot;sizes&quot;:[]},&quot;_animation&quot;:&quot;fadeIn&quot;,&quot;_transform_skewX_effect_laptop&quot;:{&quot;unit&quot;:&quot;deg&quot;,&quot;size&quot;:&quot;&quot;,&quot;sizes&quot;:[]},&quot;_transform_skewX_effect_tablet&quot;:{&quot;unit&quot;:&quot;deg&quot;,&quot;size&quot;:&quot;&quot;,&quot;sizes&quot;:[]},&quot;_transform_skewX_effect_mobile&quot;:{&quot;unit&quot;:&quot;deg&quot;,&quot;size&quot;:&quot;&quot;,&quot;sizes&quot;:[]},&quot;_transform_skewY_effect&quot;:{&quot;unit&quot;:&quot;px&quot;,&quot;size&quot;:&quot;&quot;,&quot;sizes&quot;:[]},&quot;_transform_skewY_effect_laptop&quot;:{&quot;unit&quot;:&quot;deg&quot;,&quot;size&quot;:&quot;&quot;,&quot;sizes&quot;:[]},&quot;_transform_skewY_effect_tablet&quot;:{&quot;unit&quot;:&quot;deg&quot;,&quot;size&quot;:&quot;&quot;,&quot;sizes&quot;:[]},&quot;_transform_skewY_effect_mobile&quot;:{&quot;unit&quot;:&quot;deg&quot;,&quot;size&quot;:&quot;&quot;,&quot;sizes&quot;:[]}}\" data-widget_type=\"image-box.default\">\n\t\t\t\t\t<div class=\"elementor-image-box-wrapper\"><div class=\"elementor-image-box-content\"><h3 class=\"elementor-image-box-title\">STATEMENT<\/h3><p class=\"elementor-image-box-description\">William Gaber\u2019s work addresses two central themes: on one hand, the human condition in its aspects of constant mutation, mobility, adaptability, and conditioning in relation to the social environment; and on the other, architecture as a testimony of historical memory and as both a container and an influence on the intimate experience of being.\n\nA multidisciplinary artist by definition, Gaber explores processes of change, migration (not only between countries, but of the very skin), adaptability, survival, and the inescapable fatality of historical becoming\u2014approached with irony and a sense of humor.\n\nMoreover, his artistic language draws from architecture not only for its aesthetic or formal qualities, but for its potential as a container, modifier, and witness of human experience.<\/p><\/div><\/div>\t\t\t\t<\/div>\n\t\t\t\t\t<\/div>\n\t\t\t\t<\/div>\n\t\t\t\t<\/div>","protected":false},"excerpt":{"rendered":"<p>STATEMENT La obra de William Gaber aborda dos tem\u00e1ticas torales: por una parte, la condici\u00f3n humana en su aspecto de constante mutaci\u00f3n, movilidad, adaptabilidad y condicionamiento respecto del entorno social; y, por otra, la arquitectura, como testimonio de la memoria hist\u00f3rica y como contenedor e influencia en la experiencia \u00edntima del ser. Artista multidisciplinario por definici\u00f3n, Gaber explora los procesos de cambio, la migraci\u00f3n (no s\u00f3lo de pa\u00eds, sino de piel), la capacidad de adaptaci\u00f3n, la supervivencia y la ineludible fatalidad del devenir hist\u00f3rico a la que se refiere con iron\u00eda y sentido del humor. Por otra parte, su lenguaje se nutre de la arquitectura no s\u00f3lo por sus cualidades est\u00e9ticas o formales, sino por sus posibilidades como contenedor, modificador y testimonio de la experiencia humana. La infancia de Gaber y su periodo formativo como artista transcurri\u00f3 con el paisaje tropical del Yucat\u00e1n y la arquitectura vern\u00e1cula de M\u00e9rida como trasfondo est\u00e9tico y caja de resonancia de sus primeras exploraciones. De ah\u00ed hasta la fecha, su exultante uso del color y su consonancia con la escuela mexicana de pintura.<\/p>","protected":false},"author":1,"featured_media":0,"parent":0,"menu_order":0,"comment_status":"closed","ping_status":"closed","template":"elementor_header_footer","meta":{"footnotes":""},"class_list":["post-599","page","type-page","status-publish","hentry"],"_links":{"self":[{"href":"https:\/\/williamgaber.com\/en\/wp-json\/wp\/v2\/pages\/599","targetHints":{"allow":["GET"]}}],"collection":[{"href":"https:\/\/williamgaber.com\/en\/wp-json\/wp\/v2\/pages"}],"about":[{"href":"https:\/\/williamgaber.com\/en\/wp-json\/wp\/v2\/types\/page"}],"author":[{"embeddable":true,"href":"https:\/\/williamgaber.com\/en\/wp-json\/wp\/v2\/users\/1"}],"replies":[{"embeddable":true,"href":"https:\/\/williamgaber.com\/en\/wp-json\/wp\/v2\/comments?post=599"}],"version-history":[{"count":136,"href":"https:\/\/williamgaber.com\/en\/wp-json\/wp\/v2\/pages\/599\/revisions"}],"predecessor-version":[{"id":2239,"href":"https:\/\/williamgaber.com\/en\/wp-json\/wp\/v2\/pages\/599\/revisions\/2239"}],"wp:attachment":[{"href":"https:\/\/williamgaber.com\/en\/wp-json\/wp\/v2\/media?parent=599"}],"curies":[{"name":"wp","href":"https:\/\/api.w.org\/{rel}","templated":true}]}}