{"id":1955,"date":"2025-10-03T18:13:46","date_gmt":"2025-10-03T18:13:46","guid":{"rendered":"http:\/\/localhost\/gaberwp\/?page_id=1955"},"modified":"2025-11-06T17:39:28","modified_gmt":"2025-11-06T17:39:28","slug":"eres-quien-practicas-ser","status":"publish","type":"page","link":"https:\/\/williamgaber.com\/en\/eres-quien-practicas-ser\/","title":{"rendered":"You are who you practice being"},"content":{"rendered":"<div data-elementor-type=\"wp-page\" data-elementor-id=\"1955\" class=\"elementor elementor-1955\">\n\t\t\t\t<div class=\"elementor-element elementor-element-9a180e5 e-con-full e-flex wpr-particle-no wpr-jarallax-no wpr-parallax-no wpr-sticky-section-no wpr-equal-height-no e-con e-parent\" data-id=\"9a180e5\" data-element_type=\"container\" data-e-type=\"container\">\n\t\t\t\t<div class=\"elementor-element elementor-element-daffb23 elementor-position-right elementor-vertical-align-middle elementor-invisible elementor-widget elementor-widget-image-box\" data-id=\"daffb23\" data-element_type=\"widget\" data-e-type=\"widget\" data-settings=\"{&quot;_animation&quot;:&quot;fadeIn&quot;}\" data-widget_type=\"image-box.default\">\n\t\t\t\t\t<div class=\"elementor-image-box-wrapper\"><figure class=\"elementor-image-box-img\"><img fetchpriority=\"high\" decoding=\"async\" width=\"518\" height=\"534\" src=\"https:\/\/williamgaber.com\/wp-content\/uploads\/2025\/09\/Captura-de-pantalla-2025-09-29-112919.png\" class=\"attachment-full size-full wp-image-1769\" alt=\"\" \/><\/figure><div class=\"elementor-image-box-content\"><h3 class=\"elementor-image-box-title\">You are who you practice being<\/h3><p class=\"elementor-image-box-description\">This exhibition emerges from a profound reflection on personal and collective transformation.\nThe title, taken from an artificial intelligence response about the most brutal truths of psychology \u2014 \u201cYou are not who you think you are; you are who you practice being\u201d \u2014 synthesizes the central axis of this project that William Gaber has developed over the past two years.\n\nThe exhibition began to take shape in 2024, during an artist residency in Onomichi, Japan, in collaboration with a program focused on restoring abandoned houses. From this experience, Gaber delves into the study of architectural abandonment as a metaphor for change, migration, and identity transformation.\n\nThis phenomenon, also present in his home state of Yucat\u00e1n, raises questions about who we were, who we are, and who we may become. His work explores resilience, metamorphosis, and the possibility of conscious change.\n\nSometimes transformation is inevitable \u2014 due to the passage of time or life events \u2014 but other times, we choose to change: to move, to reinvent ourselves, to \u201cshed our skin.\u201d\n\nWhere does that transformation occur? What spaces \u2014 physical or symbolic \u2014 do we inhabit as we become another version of ourselves?\n\nArchitecture, understood as living memory and emotional container, is a key element in this exhibition. Through basalt stone sculptures, modular structures that evoke lattices or building blocks, and a series of paintings produced during the residency, Gaber constructs a visual language that articulates body, space, and time as stages of change.\n\nYou Are Who You Practice Being is an invitation to reflect on the spaces we leave behind, the forms we adopt as we move, and the new containers we inhabit to reinvent ourselves.<\/p><\/div><\/div>\t\t\t\t<\/div>\n\t\t\t\t<div class=\"elementor-element elementor-element-8b6059d elementor-widget elementor-widget-spacer\" data-id=\"8b6059d\" data-element_type=\"widget\" data-e-type=\"widget\" data-widget_type=\"spacer.default\">\n\t\t\t\t\t\t\t<div class=\"elementor-spacer\">\n\t\t\t<div class=\"elementor-spacer-inner\"><\/div>\n\t\t<\/div>\n\t\t\t\t\t\t<\/div>\n\t\t\t\t<div class=\"elementor-element elementor-element-9b83e62 gallery-spacing-custom elementor-invisible elementor-widget elementor-widget-image-gallery\" data-id=\"9b83e62\" data-element_type=\"widget\" data-e-type=\"widget\" data-settings=\"{&quot;_animation&quot;:&quot;fadeInUp&quot;}\" data-widget_type=\"image-gallery.default\">\n\t\t\t\t\t\t\t<div class=\"elementor-image-gallery\">\n\t\t\t<div id='gallery-1' class='gallery galleryid-1955 gallery-columns-3 gallery-size-medium_large'><figure class='gallery-item'>\n\t\t\t<div class='gallery-icon portrait'>\n\t\t\t\t<a data-elementor-open-lightbox=\"yes\" data-elementor-lightbox-slideshow=\"9b83e62\" data-elementor-lightbox-title=\"Metamorfosis (SL)\" data-elementor-lightbox-description=\"Recinto (Piedra volc\u00e1nica) 50 x 50 x 30 cm. 2024\" data-e-action-hash=\"#elementor-action%3Aaction%3Dlightbox%26settings%3DeyJpZCI6MTc2MywidXJsIjoiaHR0cHM6XC9cL3dpbGxpYW1nYWJlci5jb21cL3dwLWNvbnRlbnRcL3VwbG9hZHNcLzIwMjVcLzA5XC9DYXB0dXJhLWRlLXBhbnRhbGxhLTIwMjUtMDktMjktMTEyNzIxLnBuZyIsInNsaWRlc2hvdyI6IjliODNlNjIifQ%3D%3D\" href='https:\/\/williamgaber.com\/wp-content\/uploads\/2025\/09\/Captura-de-pantalla-2025-09-29-112721.png'><img decoding=\"async\" width=\"604\" height=\"652\" src=\"https:\/\/williamgaber.com\/wp-content\/uploads\/2025\/09\/Captura-de-pantalla-2025-09-29-112721.png\" class=\"attachment-medium_large size-medium_large\" alt=\"\" aria-describedby=\"gallery-1-1763\" \/><\/a>\n\t\t\t<\/div>\n\t\t\t\t<figcaption class='wp-caption-text gallery-caption' id='gallery-1-1763'>\n\t\t\t\tMetamorfosis (SL)\n\t\t\t\t<\/figcaption><\/figure><figure class='gallery-item'>\n\t\t\t<div class='gallery-icon portrait'>\n\t\t\t\t<a data-elementor-open-lightbox=\"yes\" data-elementor-lightbox-slideshow=\"9b83e62\" data-elementor-lightbox-title=\"Art\u00edculos de primer deseo y segunda necesidad\" data-elementor-lightbox-description=\"Oleo sobre madera 30 x 21 cm. 2024\" data-e-action-hash=\"#elementor-action%3Aaction%3Dlightbox%26settings%3DeyJpZCI6MTc2NCwidXJsIjoiaHR0cHM6XC9cL3dpbGxpYW1nYWJlci5jb21cL3dwLWNvbnRlbnRcL3VwbG9hZHNcLzIwMjVcLzA5XC9DYXB0dXJhLWRlLXBhbnRhbGxhLTIwMjUtMDktMjktMTEyNzQ4LnBuZyIsInNsaWRlc2hvdyI6IjliODNlNjIifQ%3D%3D\" href='https:\/\/williamgaber.com\/wp-content\/uploads\/2025\/09\/Captura-de-pantalla-2025-09-29-112748.png'><img decoding=\"async\" width=\"417\" height=\"509\" src=\"https:\/\/williamgaber.com\/wp-content\/uploads\/2025\/09\/Captura-de-pantalla-2025-09-29-112748.png\" class=\"attachment-medium_large size-medium_large\" alt=\"\" aria-describedby=\"gallery-1-1764\" \/><\/a>\n\t\t\t<\/div>\n\t\t\t\t<figcaption class='wp-caption-text gallery-caption' id='gallery-1-1764'>\n\t\t\t\tArt\u00edculos de primer deseo y segunda necesidad\n\t\t\t\t<\/figcaption><\/figure><figure class='gallery-item'>\n\t\t\t<div class='gallery-icon portrait'>\n\t\t\t\t<a data-elementor-open-lightbox=\"yes\" data-elementor-lightbox-slideshow=\"9b83e62\" data-elementor-lightbox-title=\"Que llevarias a una isla desierta?\" data-elementor-lightbox-description=\"Oleo sobre madera 30 x 21 cm. 2024\" data-e-action-hash=\"#elementor-action%3Aaction%3Dlightbox%26settings%3DeyJpZCI6MTc2NSwidXJsIjoiaHR0cHM6XC9cL3dpbGxpYW1nYWJlci5jb21cL3dwLWNvbnRlbnRcL3VwbG9hZHNcLzIwMjVcLzA5XC9DYXB0dXJhLWRlLXBhbnRhbGxhLTIwMjUtMDktMjktMTEyNzU5LnBuZyIsInNsaWRlc2hvdyI6IjliODNlNjIifQ%3D%3D\" href='https:\/\/williamgaber.com\/wp-content\/uploads\/2025\/09\/Captura-de-pantalla-2025-09-29-112759.png'><img loading=\"lazy\" decoding=\"async\" width=\"419\" height=\"517\" src=\"https:\/\/williamgaber.com\/wp-content\/uploads\/2025\/09\/Captura-de-pantalla-2025-09-29-112759.png\" class=\"attachment-medium_large size-medium_large\" alt=\"\" aria-describedby=\"gallery-1-1765\" \/><\/a>\n\t\t\t<\/div>\n\t\t\t\t<figcaption class='wp-caption-text gallery-caption' id='gallery-1-1765'>\n\t\t\t\tQue llevar\u00edas a una isla desierta?\n\t\t\t\t<\/figcaption><\/figure><figure class='gallery-item'>\n\t\t\t<div class='gallery-icon portrait'>\n\t\t\t\t<a data-elementor-open-lightbox=\"yes\" data-elementor-lightbox-slideshow=\"9b83e62\" data-elementor-lightbox-title=\"Okunoshima (La isla de los conejos)\" data-elementor-lightbox-description=\"Oleo sobre madera 27 x 27 cm. 2024\" data-e-action-hash=\"#elementor-action%3Aaction%3Dlightbox%26settings%3DeyJpZCI6MTc2NiwidXJsIjoiaHR0cHM6XC9cL3dpbGxpYW1nYWJlci5jb21cL3dwLWNvbnRlbnRcL3VwbG9hZHNcLzIwMjVcLzA5XC9DYXB0dXJhLWRlLXBhbnRhbGxhLTIwMjUtMDktMjktMTEyODE1LnBuZyIsInNsaWRlc2hvdyI6IjliODNlNjIifQ%3D%3D\" href='https:\/\/williamgaber.com\/wp-content\/uploads\/2025\/09\/Captura-de-pantalla-2025-09-29-112815.png'><img loading=\"lazy\" decoding=\"async\" width=\"511\" height=\"517\" src=\"https:\/\/williamgaber.com\/wp-content\/uploads\/2025\/09\/Captura-de-pantalla-2025-09-29-112815.png\" class=\"attachment-medium_large size-medium_large\" alt=\"\" aria-describedby=\"gallery-1-1766\" \/><\/a>\n\t\t\t<\/div>\n\t\t\t\t<figcaption class='wp-caption-text gallery-caption' id='gallery-1-1766'>\n\t\t\t\tOkunoshima (La isla de los conejos)\n\t\t\t\t<\/figcaption><\/figure><figure class='gallery-item'>\n\t\t\t<div class='gallery-icon landscape'>\n\t\t\t\t<a data-elementor-open-lightbox=\"yes\" data-elementor-lightbox-slideshow=\"9b83e62\" data-elementor-lightbox-title=\"Mukaishima\" data-elementor-lightbox-description=\"Oleo sobre madera 27 x 27 cm. 2024\" data-e-action-hash=\"#elementor-action%3Aaction%3Dlightbox%26settings%3DeyJpZCI6MTc2NywidXJsIjoiaHR0cHM6XC9cL3dpbGxpYW1nYWJlci5jb21cL3dwLWNvbnRlbnRcL3VwbG9hZHNcLzIwMjVcLzA5XC9DYXB0dXJhLWRlLXBhbnRhbGxhLTIwMjUtMDktMjktMTEyODM1LnBuZyIsInNsaWRlc2hvdyI6IjliODNlNjIifQ%3D%3D\" href='https:\/\/williamgaber.com\/wp-content\/uploads\/2025\/09\/Captura-de-pantalla-2025-09-29-112835.png'><img loading=\"lazy\" decoding=\"async\" width=\"513\" height=\"510\" src=\"https:\/\/williamgaber.com\/wp-content\/uploads\/2025\/09\/Captura-de-pantalla-2025-09-29-112835.png\" class=\"attachment-medium_large size-medium_large\" alt=\"\" aria-describedby=\"gallery-1-1767\" \/><\/a>\n\t\t\t<\/div>\n\t\t\t\t<figcaption class='wp-caption-text gallery-caption' id='gallery-1-1767'>\n\t\t\t\tMukaishima\n\t\t\t\t<\/figcaption><\/figure><figure class='gallery-item'>\n\t\t\t<div class='gallery-icon portrait'>\n\t\t\t\t<a data-elementor-open-lightbox=\"yes\" data-elementor-lightbox-slideshow=\"9b83e62\" data-elementor-lightbox-title=\"Transfiguraci\u00f3n\" data-elementor-lightbox-description=\"Recinto (Piedra volc\u00e1nica) 30 x 30 x 20 cm. 2024\" data-e-action-hash=\"#elementor-action%3Aaction%3Dlightbox%26settings%3DeyJpZCI6MTc2OCwidXJsIjoiaHR0cHM6XC9cL3dpbGxpYW1nYWJlci5jb21cL3dwLWNvbnRlbnRcL3VwbG9hZHNcLzIwMjVcLzA5XC9DYXB0dXJhLWRlLXBhbnRhbGxhLTIwMjUtMDktMjktMTEyOTAwLnBuZyIsInNsaWRlc2hvdyI6IjliODNlNjIifQ%3D%3D\" href='https:\/\/williamgaber.com\/wp-content\/uploads\/2025\/09\/Captura-de-pantalla-2025-09-29-112900.png'><img loading=\"lazy\" decoding=\"async\" width=\"610\" height=\"629\" src=\"https:\/\/williamgaber.com\/wp-content\/uploads\/2025\/09\/Captura-de-pantalla-2025-09-29-112900.png\" class=\"attachment-medium_large size-medium_large\" alt=\"\" aria-describedby=\"gallery-1-1768\" \/><\/a>\n\t\t\t<\/div>\n\t\t\t\t<figcaption class='wp-caption-text gallery-caption' id='gallery-1-1768'>\n\t\t\t\tTransfiguraci\u00f3n \n\t\t\t\t<\/figcaption><\/figure><figure class='gallery-item'>\n\t\t\t<div class='gallery-icon portrait'>\n\t\t\t\t<a data-elementor-open-lightbox=\"yes\" data-elementor-lightbox-slideshow=\"9b83e62\" data-elementor-lightbox-title=\"Evoluci\u00f3n\" data-elementor-lightbox-description=\"Recinto (Piedra volc\u00e1nica) 30 x 30 x 20 cm. 2024\" data-e-action-hash=\"#elementor-action%3Aaction%3Dlightbox%26settings%3DeyJpZCI6MTc2OSwidXJsIjoiaHR0cHM6XC9cL3dpbGxpYW1nYWJlci5jb21cL3dwLWNvbnRlbnRcL3VwbG9hZHNcLzIwMjVcLzA5XC9DYXB0dXJhLWRlLXBhbnRhbGxhLTIwMjUtMDktMjktMTEyOTE5LnBuZyIsInNsaWRlc2hvdyI6IjliODNlNjIifQ%3D%3D\" href='https:\/\/williamgaber.com\/wp-content\/uploads\/2025\/09\/Captura-de-pantalla-2025-09-29-112919.png'><img loading=\"lazy\" decoding=\"async\" width=\"518\" height=\"534\" src=\"https:\/\/williamgaber.com\/wp-content\/uploads\/2025\/09\/Captura-de-pantalla-2025-09-29-112919.png\" class=\"attachment-medium_large size-medium_large\" alt=\"\" aria-describedby=\"gallery-1-1769\" \/><\/a>\n\t\t\t<\/div>\n\t\t\t\t<figcaption class='wp-caption-text gallery-caption' id='gallery-1-1769'>\n\t\t\t\tEvoluci\u00f3n\n\t\t\t\t<\/figcaption><\/figure><figure class='gallery-item'>\n\t\t\t<div class='gallery-icon landscape'>\n\t\t\t\t<a data-elementor-open-lightbox=\"yes\" data-elementor-lightbox-slideshow=\"9b83e62\" data-elementor-lightbox-title=\"Umbral\" data-elementor-lightbox-description=\"Recinto (Piedra volc\u00e1nica) 30 x 30 x 20 cm. 2024\" data-e-action-hash=\"#elementor-action%3Aaction%3Dlightbox%26settings%3DeyJpZCI6MTc3MCwidXJsIjoiaHR0cHM6XC9cL3dpbGxpYW1nYWJlci5jb21cL3dwLWNvbnRlbnRcL3VwbG9hZHNcLzIwMjVcLzA5XC9DYXB0dXJhLWRlLXBhbnRhbGxhLTIwMjUtMDktMjktMTEyOTQ1LnBuZyIsInNsaWRlc2hvdyI6IjliODNlNjIifQ%3D%3D\" href='https:\/\/williamgaber.com\/wp-content\/uploads\/2025\/09\/Captura-de-pantalla-2025-09-29-112945.png'><img loading=\"lazy\" decoding=\"async\" width=\"614\" height=\"413\" src=\"https:\/\/williamgaber.com\/wp-content\/uploads\/2025\/09\/Captura-de-pantalla-2025-09-29-112945.png\" class=\"attachment-medium_large size-medium_large\" alt=\"\" aria-describedby=\"gallery-1-1770\" \/><\/a>\n\t\t\t<\/div>\n\t\t\t\t<figcaption class='wp-caption-text gallery-caption' id='gallery-1-1770'>\n\t\t\t\tUmbral\n\t\t\t\t<\/figcaption><\/figure><figure class='gallery-item'>\n\t\t\t<div class='gallery-icon landscape'>\n\t\t\t\t<a data-elementor-open-lightbox=\"yes\" data-elementor-lightbox-slideshow=\"9b83e62\" data-elementor-lightbox-title=\"Metamorfosis (SS)\" data-elementor-lightbox-description=\"Recinto (Piedra volc\u00e1nica) 30 x 30 x 20 cm. 2024\" data-e-action-hash=\"#elementor-action%3Aaction%3Dlightbox%26settings%3DeyJpZCI6MTc3MSwidXJsIjoiaHR0cHM6XC9cL3dpbGxpYW1nYWJlci5jb21cL3dwLWNvbnRlbnRcL3VwbG9hZHNcLzIwMjVcLzA5XC9DYXB0dXJhLWRlLXBhbnRhbGxhLTIwMjUtMDktMjktMTEyOTU4LnBuZyIsInNsaWRlc2hvdyI6IjliODNlNjIifQ%3D%3D\" href='https:\/\/williamgaber.com\/wp-content\/uploads\/2025\/09\/Captura-de-pantalla-2025-09-29-112958.png'><img loading=\"lazy\" decoding=\"async\" width=\"532\" height=\"474\" src=\"https:\/\/williamgaber.com\/wp-content\/uploads\/2025\/09\/Captura-de-pantalla-2025-09-29-112958.png\" class=\"attachment-medium_large size-medium_large\" alt=\"\" aria-describedby=\"gallery-1-1771\" \/><\/a>\n\t\t\t<\/div>\n\t\t\t\t<figcaption class='wp-caption-text gallery-caption' id='gallery-1-1771'>\n\t\t\t\tMetamorfosis (SS)\n\t\t\t\t<\/figcaption><\/figure><figure class='gallery-item'>\n\t\t\t<div class='gallery-icon landscape'>\n\t\t\t\t<a data-elementor-open-lightbox=\"yes\" data-elementor-lightbox-slideshow=\"9b83e62\" data-elementor-lightbox-title=\"Identidad\" data-elementor-lightbox-description=\"Oleo sobre tela 130 x 180 cm. 2024\" data-e-action-hash=\"#elementor-action%3Aaction%3Dlightbox%26settings%3DeyJpZCI6MTc3MiwidXJsIjoiaHR0cHM6XC9cL3dpbGxpYW1nYWJlci5jb21cL3dwLWNvbnRlbnRcL3VwbG9hZHNcLzIwMjVcLzA5XC9DYXB0dXJhLWRlLXBhbnRhbGxhLTIwMjUtMDktMjktMTEzMDE0LnBuZyIsInNsaWRlc2hvdyI6IjliODNlNjIifQ%3D%3D\" href='https:\/\/williamgaber.com\/wp-content\/uploads\/2025\/09\/Captura-de-pantalla-2025-09-29-113014.png'><img loading=\"lazy\" decoding=\"async\" width=\"730\" height=\"547\" src=\"https:\/\/williamgaber.com\/wp-content\/uploads\/2025\/09\/Captura-de-pantalla-2025-09-29-113014.png\" class=\"attachment-medium_large size-medium_large\" alt=\"\" aria-describedby=\"gallery-1-1772\" \/><\/a>\n\t\t\t<\/div>\n\t\t\t\t<figcaption class='wp-caption-text gallery-caption' id='gallery-1-1772'>\n\t\t\t\tIdentidad\n\t\t\t\t<\/figcaption><\/figure><figure class='gallery-item'>\n\t\t\t<div class='gallery-icon portrait'>\n\t\t\t\t<a data-elementor-open-lightbox=\"yes\" data-elementor-lightbox-slideshow=\"9b83e62\" data-elementor-lightbox-title=\"Migraci\u00f3n\" data-elementor-lightbox-description=\"Oleo sobre tela 180 x 130 cm. 2024\" data-e-action-hash=\"#elementor-action%3Aaction%3Dlightbox%26settings%3DeyJpZCI6MTc3MywidXJsIjoiaHR0cHM6XC9cL3dpbGxpYW1nYWJlci5jb21cL3dwLWNvbnRlbnRcL3VwbG9hZHNcLzIwMjVcLzA5XC9DYXB0dXJhLWRlLXBhbnRhbGxhLTIwMjUtMDktMjktMTEzMDI2LnBuZyIsInNsaWRlc2hvdyI6IjliODNlNjIifQ%3D%3D\" href='https:\/\/williamgaber.com\/wp-content\/uploads\/2025\/09\/Captura-de-pantalla-2025-09-29-113026.png'><img loading=\"lazy\" decoding=\"async\" width=\"490\" height=\"685\" src=\"https:\/\/williamgaber.com\/wp-content\/uploads\/2025\/09\/Captura-de-pantalla-2025-09-29-113026.png\" class=\"attachment-medium_large size-medium_large\" alt=\"\" aria-describedby=\"gallery-1-1773\" \/><\/a>\n\t\t\t<\/div>\n\t\t\t\t<figcaption class='wp-caption-text gallery-caption' id='gallery-1-1773'>\n\t\t\t\tMigraci\u00f3n\n\t\t\t\t<\/figcaption><\/figure><figure class='gallery-item'>\n\t\t\t<div class='gallery-icon portrait'>\n\t\t\t\t<a data-elementor-open-lightbox=\"yes\" data-elementor-lightbox-slideshow=\"9b83e62\" data-elementor-lightbox-title=\"Forma y eco\" data-elementor-lightbox-description=\"Oleo sobre tela 180 x 130 cm. 2024\" data-e-action-hash=\"#elementor-action%3Aaction%3Dlightbox%26settings%3DeyJpZCI6MTc3NCwidXJsIjoiaHR0cHM6XC9cL3dpbGxpYW1nYWJlci5jb21cL3dwLWNvbnRlbnRcL3VwbG9hZHNcLzIwMjVcLzA5XC9DYXB0dXJhLWRlLXBhbnRhbGxhLTIwMjUtMDktMjktMTEzMDM3LnBuZyIsInNsaWRlc2hvdyI6IjliODNlNjIifQ%3D%3D\" href='https:\/\/williamgaber.com\/wp-content\/uploads\/2025\/09\/Captura-de-pantalla-2025-09-29-113037.png'><img loading=\"lazy\" decoding=\"async\" width=\"480\" height=\"664\" src=\"https:\/\/williamgaber.com\/wp-content\/uploads\/2025\/09\/Captura-de-pantalla-2025-09-29-113037.png\" class=\"attachment-medium_large size-medium_large\" alt=\"\" aria-describedby=\"gallery-1-1774\" \/><\/a>\n\t\t\t<\/div>\n\t\t\t\t<figcaption class='wp-caption-text gallery-caption' id='gallery-1-1774'>\n\t\t\t\tForma y eco\n\t\t\t\t<\/figcaption><\/figure><figure class='gallery-item'>\n\t\t\t<div class='gallery-icon portrait'>\n\t\t\t\t<a data-elementor-open-lightbox=\"yes\" data-elementor-lightbox-slideshow=\"9b83e62\" data-elementor-lightbox-title=\"Equilibrio\" data-elementor-lightbox-description=\"Oleo sobre tela montada sobre cart\u00f3n 80 x 60 cm. 2023\" data-e-action-hash=\"#elementor-action%3Aaction%3Dlightbox%26settings%3DeyJpZCI6MTc3NSwidXJsIjoiaHR0cHM6XC9cL3dpbGxpYW1nYWJlci5jb21cL3dwLWNvbnRlbnRcL3VwbG9hZHNcLzIwMjVcLzA5XC9DYXB0dXJhLWRlLXBhbnRhbGxhLTIwMjUtMDktMjktMTEzMDUyLnBuZyIsInNsaWRlc2hvdyI6IjliODNlNjIifQ%3D%3D\" href='https:\/\/williamgaber.com\/wp-content\/uploads\/2025\/09\/Captura-de-pantalla-2025-09-29-113052.png'><img loading=\"lazy\" decoding=\"async\" width=\"480\" height=\"609\" src=\"https:\/\/williamgaber.com\/wp-content\/uploads\/2025\/09\/Captura-de-pantalla-2025-09-29-113052.png\" class=\"attachment-medium_large size-medium_large\" alt=\"\" aria-describedby=\"gallery-1-1775\" \/><\/a>\n\t\t\t<\/div>\n\t\t\t\t<figcaption class='wp-caption-text gallery-caption' id='gallery-1-1775'>\n\t\t\t\tEquilibrio\n\t\t\t\t<\/figcaption><\/figure><figure class='gallery-item'>\n\t\t\t<div class='gallery-icon portrait'>\n\t\t\t\t<a data-elementor-open-lightbox=\"yes\" data-elementor-lightbox-slideshow=\"9b83e62\" data-elementor-lightbox-title=\"A trav\u00e9s, la luz\" data-elementor-lightbox-description=\"Edici\u00f3n especial. Madera de cedro 75 x 54 x 12 cm. 2024\" data-e-action-hash=\"#elementor-action%3Aaction%3Dlightbox%26settings%3DeyJpZCI6MTc3NiwidXJsIjoiaHR0cHM6XC9cL3dpbGxpYW1nYWJlci5jb21cL3dwLWNvbnRlbnRcL3VwbG9hZHNcLzIwMjVcLzA5XC9DYXB0dXJhLWRlLXBhbnRhbGxhLTIwMjUtMDktMjktMTEzMTE2LnBuZyIsInNsaWRlc2hvdyI6IjliODNlNjIifQ%3D%3D\" href='https:\/\/williamgaber.com\/wp-content\/uploads\/2025\/09\/Captura-de-pantalla-2025-09-29-113116.png'><img loading=\"lazy\" decoding=\"async\" width=\"414\" height=\"720\" src=\"https:\/\/williamgaber.com\/wp-content\/uploads\/2025\/09\/Captura-de-pantalla-2025-09-29-113116.png\" class=\"attachment-medium_large size-medium_large\" alt=\"\" aria-describedby=\"gallery-1-1776\" \/><\/a>\n\t\t\t<\/div>\n\t\t\t\t<figcaption class='wp-caption-text gallery-caption' id='gallery-1-1776'>\n\t\t\t\tA trav\u00e9s, la luz\n\t\t\t\t<\/figcaption><\/figure>\n\t\t<\/div>\n\t\t<\/div>\n\t\t\t\t\t\t<\/div>\n\t\t\t\t<div class=\"elementor-element elementor-element-c80a09c wpr-stt-btn-align-fixed wpr-stt-btn-align-fixed-right elementor-widget elementor-widget-wpr-back-to-top\" data-id=\"c80a09c\" data-element_type=\"widget\" data-e-type=\"widget\" data-widget_type=\"wpr-back-to-top.default\">\n\t\t\t\t\t<div class=\"wpr-stt-wrapper\"><div class='wpr-stt-btn' data-settings='{&quot;animation&quot;:&quot;fade&quot;,&quot;animationOffset&quot;:&quot;0&quot;,&quot;animationDuration&quot;:&quot;150&quot;,&quot;fixed&quot;:&quot;fixed&quot;,&quot;scrolAnim&quot;:&quot;5000&quot;}'><span class=\"wpr-stt-icon\"><svg class=\"e-font-icon-svg e-fas-chevron-up\" viewbox=\"0 0 448 512\" xmlns=\"http:\/\/www.w3.org\/2000\/svg\"><path d=\"M240.971 130.524l194.343 194.343c9.373 9.373 9.373 24.569 0 33.941l-22.667 22.667c-9.357 9.357-24.522 9.375-33.901.04L224 227.495 69.255 381.516c-9.379 9.335-24.544 9.317-33.901-.04l-22.667-22.667c-9.373-9.373-9.373-24.569 0-33.941L207.03 130.525c9.372-9.373 24.568-9.373 33.941-.001z\"><\/path><\/svg><\/span><\/div><\/div>\t\t\t\t<\/div>\n\t\t\t\t<\/div>\n\t\t\t\t<\/div>","protected":false},"excerpt":{"rendered":"<p>Eres quien practicas ser Esta exposici\u00f3n surge de una reflexi\u00f3n profunda sobre la transformaci\u00f3n personal y colectiva. El t\u00edtulo, tomado de una respuesta de inteligencia artificial sobre las verdades m\u00e1s brutales de la psicolog\u00eda \u2014\u201cNo eres quien crees ser; eres quien practicas ser\u201d\u2014, sintetiza el eje central de este proyecto que William Gaber ha desarrollado en los \u00faltimos dos a\u00f1os. La muestra comenz\u00f3 a gestarse en 2024, durante una residencia art\u00edstica en Onomichi, Jap\u00f3n, en colaboraci\u00f3n con un programa de restauraci\u00f3n de casas abandonadas. A partir de esta experiencia, Gaber se adentra en el estudio del abandono arquitect\u00f3nico como met\u00e1fora del cambio, la migraci\u00f3n y la transformaci\u00f3n identitaria. El fen\u00f3meno, tambi\u00e9n presente en su estado natal, Yucat\u00e1n, abre interrogantes sobre qui\u00e9nes fuimos, qui\u00e9nes somos y qui\u00e9nes podemos llegar a ser. Su obra explora la resiliencia, la metamorfosis y la posibilidad del cambio consciente. A veces transformarnos es inevitable \u2014por el paso del tiempo o eventos de vida\u2014, pero otras veces elegimos cambiar: movernos, reinventarnos, \u201ccambiar de piel\u201d. \u00bfD\u00f3nde ocurre esa transformaci\u00f3n? \u00bfQu\u00e9 espacios \u2014f\u00edsicos o simb\u00f3licos\u2014 habitamos al convertirnos en otra versi\u00f3n de nosotros mismos? La arquitectura, entendida como memoria viva y contenedor emocional, es un elemento clave en esta exposici\u00f3n. A trav\u00e9s de esculturas en piedra de recinto, estructuras modulares que evocan celos\u00edas o bloques constructivos, y una serie de pinturas realizadas durante la residencia, Gaber construye un lenguaje visual que articula cuerpo, espacio y tiempo como escenarios de cambio. Eres quien practicas ser es una invitaci\u00f3n a reflexionar sobre los espacios que dejamos atr\u00e1s, las formas que adoptamos al movernos, y los nuevos contenedores que habitamos para reinventarnos. Metamorfosis (SL) Art\u00edculos de primer deseo y segunda necesidad Que llevar\u00edas a una isla desierta? Okunoshima (La isla de los conejos) Mukaishima Transfiguraci\u00f3n Evoluci\u00f3n Umbral Metamorfosis (SS) Identidad Migraci\u00f3n Forma y eco Equilibrio A trav\u00e9s, la luz<\/p>","protected":false},"author":1,"featured_media":0,"parent":0,"menu_order":0,"comment_status":"closed","ping_status":"closed","template":"","meta":{"footnotes":""},"class_list":["post-1955","page","type-page","status-publish","hentry"],"_links":{"self":[{"href":"https:\/\/williamgaber.com\/en\/wp-json\/wp\/v2\/pages\/1955","targetHints":{"allow":["GET"]}}],"collection":[{"href":"https:\/\/williamgaber.com\/en\/wp-json\/wp\/v2\/pages"}],"about":[{"href":"https:\/\/williamgaber.com\/en\/wp-json\/wp\/v2\/types\/page"}],"author":[{"embeddable":true,"href":"https:\/\/williamgaber.com\/en\/wp-json\/wp\/v2\/users\/1"}],"replies":[{"embeddable":true,"href":"https:\/\/williamgaber.com\/en\/wp-json\/wp\/v2\/comments?post=1955"}],"version-history":[{"count":31,"href":"https:\/\/williamgaber.com\/en\/wp-json\/wp\/v2\/pages\/1955\/revisions"}],"predecessor-version":[{"id":2370,"href":"https:\/\/williamgaber.com\/en\/wp-json\/wp\/v2\/pages\/1955\/revisions\/2370"}],"wp:attachment":[{"href":"https:\/\/williamgaber.com\/en\/wp-json\/wp\/v2\/media?parent=1955"}],"curies":[{"name":"wp","href":"https:\/\/api.w.org\/{rel}","templated":true}]}}