{"id":1430,"date":"2025-09-24T17:57:16","date_gmt":"2025-09-24T17:57:16","guid":{"rendered":"http:\/\/localhost\/gaberwp\/?page_id=1430"},"modified":"2025-11-04T16:27:51","modified_gmt":"2025-11-04T16:27:51","slug":"trabajo","status":"publish","type":"page","link":"https:\/\/williamgaber.com\/en\/trabajo\/","title":{"rendered":"Trabajo"},"content":{"rendered":"<div data-elementor-type=\"wp-page\" data-elementor-id=\"1430\" class=\"elementor elementor-1430\">\n\t\t\t\t<div class=\"elementor-element elementor-element-3252224 e-grid e-con-boxed wpr-particle-no wpr-jarallax-no wpr-parallax-no wpr-sticky-section-no wpr-equal-height-no elementor-invisible e-con e-parent\" data-id=\"3252224\" data-element_type=\"container\" data-e-type=\"container\" data-settings=\"{&quot;animation&quot;:&quot;fadeInUp&quot;}\">\n\t\t\t\t\t<div class=\"e-con-inner\">\n\t\t<div class=\"elementor-element elementor-element-ab77468 e-con-full e-flex wpr-particle-no wpr-jarallax-no wpr-parallax-no wpr-sticky-section-no wpr-equal-height-no e-con e-child\" data-id=\"ab77468\" data-element_type=\"container\" data-e-type=\"container\">\n\t\t\t\t<div class=\"elementor-element elementor-element-53a876f elementor-widget elementor-widget-heading\" data-id=\"53a876f\" data-element_type=\"widget\" data-e-type=\"widget\" data-widget_type=\"heading.default\">\n\t\t\t\t\t<h2 class=\"elementor-heading-title elementor-size-default\">COLECTIONS<\/h2>\t\t\t\t<\/div>\n\t\t\t\t<div class=\"elementor-element elementor-element-e0ac9c7 elementor-widget elementor-widget-text-editor\" data-id=\"e0ac9c7\" data-element_type=\"widget\" data-e-type=\"widget\" data-widget_type=\"text-editor.default\">\n\t\t\t\t\t\t\t\t\t<ul><li><span class=\"dig-1hicw9p1_4-6-0 dig-1hicw9p0_4-6-0 dig-ekabin0_4-6-0 dig-Theme-vis2023 dig-Theme-vis2023--dark dig-Mode--dark In-Theme-Provider\">Colecci\u00f3n LODEMO M\u00e9xico<\/span><\/li><li><span class=\"dig-1hicw9p1_4-6-0 dig-1hicw9p0_4-6-0 dig-ekabin0_4-6-0 dig-Theme-vis2023 dig-Theme-vis2023--dark dig-Mode--dark In-Theme-Provider\">Colecci\u00f3n Bepensa M\u00e9xico<\/span><\/li><li><span class=\"dig-1hicw9p1_4-6-0 dig-1hicw9p0_4-6-0 dig-ekabin0_4-6-0 dig-Theme-vis2023 dig-Theme-vis2023--dark dig-Mode--dark In-Theme-Provider\">Fundaci\u00f3n PONS, Madrid Espa\u00f1a<\/span><\/li><li><span class=\"dig-1hicw9p1_4-6-0 dig-1hicw9p0_4-6-0 dig-ekabin0_4-6-0 dig-Theme-vis2023 dig-Theme-vis2023--dark dig-Mode--dark In-Theme-Provider\">Colecci\u00f3n Centro Cultural Casa de Indias, C\u00e1diz Espa\u00f1a<\/span><\/li><li><span class=\"dig-1hicw9p1_4-6-0 dig-1hicw9p0_4-6-0 dig-ekabin0_4-6-0 dig-Theme-vis2023 dig-Theme-vis2023--dark dig-Mode--dark In-Theme-Provider\">Colecci\u00f3n permanente Museo de los Ferrocarriles, M\u00e9rida M\u00e9xico. \u201cEntre el juego y el progreso\u201d, Escultura Monumental.<\/span><\/li><\/ul>\t\t\t\t\t\t\t\t<\/div>\n\t\t<div class=\"elementor-element elementor-element-5ee23b6 e-con-full e-flex wpr-particle-no wpr-jarallax-no wpr-parallax-no wpr-sticky-section-no wpr-equal-height-no e-con e-child\" data-id=\"5ee23b6\" data-element_type=\"container\" data-e-type=\"container\">\n\t\t\t\t<div class=\"elementor-element elementor-element-2a86d2c elementor-widget elementor-widget-spacer\" data-id=\"2a86d2c\" data-element_type=\"widget\" data-e-type=\"widget\" data-widget_type=\"spacer.default\">\n\t\t\t\t\t\t\t<div class=\"elementor-spacer\">\n\t\t\t<div class=\"elementor-spacer-inner\"><\/div>\n\t\t<\/div>\n\t\t\t\t\t\t<\/div>\n\t\t\t\t<div class=\"elementor-element elementor-element-c5b4316 elementor-widget elementor-widget-heading\" data-id=\"c5b4316\" data-element_type=\"widget\" data-e-type=\"widget\" data-widget_type=\"heading.default\">\n\t\t\t\t\t<h2 class=\"elementor-heading-title elementor-size-default translation-block\">SOLO EXHIBITIONS<\/h2>\t\t\t\t<\/div>\n\t\t\t\t<div class=\"elementor-element elementor-element-1f2443c elementor-widget elementor-widget-text-editor\" data-id=\"1f2443c\" data-element_type=\"widget\" data-e-type=\"widget\" data-widget_type=\"text-editor.default\">\n\t\t\t\t\t\t\t\t\t<p>2025<\/p><ul><li><span class=\"dig-1hicw9p1_4-6-0 dig-1hicw9p0_4-6-0 dig-ekabin0_4-6-0 dig-Theme-vis2023 dig-Theme-vis2023--dark dig-Mode--dark In-Theme-Provider\">\u201dEres quien practicas ser\u201d, Galer\u00eda Alejandra Topete, CDMX, Mx.<\/span><\/li><li><span class=\"dig-1hicw9p1_4-6-0 dig-1hicw9p0_4-6-0 dig-ekabin0_4-6-0 dig-Theme-vis2023 dig-Theme-vis2023--dark dig-Mode--dark In-Theme-Provider\">\u201dUn pueblo por un Euro\u201d, Galer\u00eda Gotxicoa, Monterrey, Mexico<\/span><\/li><li><span class=\"dig-1hicw9p1_4-6-0 dig-1hicw9p0_4-6-0 dig-ekabin0_4-6-0 dig-Theme-vis2023 dig-Theme-vis2023--dark dig-Mode--dark In-Theme-Provider\">\u201cUn techo sobre mi cabeza\u201d , Galer\u00eda Lux Perpetua, M\u00e9rida, M\u00e9xico.<\/span><\/li><\/ul><p><span class=\"dig-1hicw9p1_4-6-0 dig-1hicw9p0_4-6-0 dig-ekabin0_4-6-0 dig-Theme-vis2023 dig-Theme-vis2023--dark dig-Mode--dark In-Theme-Provider\">2024 <\/span><\/p><ul><li><span class=\"dig-1hicw9p1_4-6-0 dig-1hicw9p0_4-6-0 dig-ekabin0_4-6-0 dig-Theme-vis2023 dig-Theme-vis2023--dark dig-Mode--dark In-Theme-Provider\">\u201cMonumentos\u201d, Embajada de M\u00e9xico en Jap\u00f3n. Tokio, Jap\u00f3n.<\/span><\/li><\/ul><p><span class=\"dig-1hicw9p1_4-6-0 dig-1hicw9p0_4-6-0 dig-ekabin0_4-6-0 dig-Theme-vis2023 dig-Theme-vis2023--dark dig-Mode--dark In-Theme-Provider\">2023 <\/span><\/p><ul><li><span class=\"dig-1hicw9p1_4-6-0 dig-1hicw9p0_4-6-0 dig-ekabin0_4-6-0 dig-Theme-vis2023 dig-Theme-vis2023--dark dig-Mode--dark In-Theme-Provider\">\u201cMonumento\u201d, Gran Museo del Mundo Maya, M\u00e9rida, M\u00e9xico.<\/span><\/li><li><span class=\"dig-1hicw9p1_4-6-0 dig-1hicw9p0_4-6-0 dig-ekabin0_4-6-0 dig-Theme-vis2023 dig-Theme-vis2023--dark dig-Mode--dark In-Theme-Provider\"> \u201cWilliam Gaber\u201d, Kuna Galer\u00eda, San Miguel de Allende, M\u00e9xico<\/span><\/li><li><span class=\"dig-1hicw9p1_4-6-0 dig-1hicw9p0_4-6-0 dig-ekabin0_4-6-0 dig-Theme-vis2023 dig-Theme-vis2023--dark dig-Mode--dark In-Theme-Provider\">\u201cMonumento\u201d, Galer\u00eda Alfredo Ginocchio, CDMX.<\/span><\/li><\/ul><p><span class=\"dig-1hicw9p1_4-6-0 dig-1hicw9p0_4-6-0 dig-ekabin0_4-6-0 dig-Theme-vis2023 dig-Theme-vis2023--dark dig-Mode--dark In-Theme-Provider\">2022<\/span><\/p><ul><li><span class=\"dig-1hicw9p1_4-6-0 dig-1hicw9p0_4-6-0 dig-ekabin0_4-6-0 dig-Theme-vis2023 dig-Theme-vis2023--dark dig-Mode--dark In-Theme-Provider\">\u201cLo que dejamos pasar\u201d, Centro Cultural Olimpo, M\u00e9rida, M\u00e9xico.<\/span><\/li><li><span class=\"dig-1hicw9p1_4-6-0 dig-1hicw9p0_4-6-0 dig-ekabin0_4-6-0 dig-Theme-vis2023 dig-Theme-vis2023--dark dig-Mode--dark In-Theme-Provider\">\u201cLo que dejamos pasar\u201d, Embajada de M\u00e9xico en Espa\u00f1a, ICME.<\/span><\/li><\/ul><p><span class=\"dig-1hicw9p1_4-6-0 dig-1hicw9p0_4-6-0 dig-ekabin0_4-6-0 dig-Theme-vis2023 dig-Theme-vis2023--dark dig-Mode--dark In-Theme-Provider\">2021 <\/span><\/p><ul><li><span class=\"dig-1hicw9p1_4-6-0 dig-1hicw9p0_4-6-0 dig-ekabin0_4-6-0 dig-Theme-vis2023 dig-Theme-vis2023--dark dig-Mode--dark In-Theme-Provider\">\u201cWhole\u201d PEN Projects, Miami, Florida.<\/span><\/li><li><span class=\"dig-1hicw9p1_4-6-0 dig-1hicw9p0_4-6-0 dig-ekabin0_4-6-0 dig-Theme-vis2023 dig-Theme-vis2023--dark dig-Mode--dark In-Theme-Provider\">\u201c\u00bfQu\u00e9 estar\u00e1 haciendo Houdini?\u201d, Centro de Arte Casa de Indias, C\u00e1diz, Espa\u00f1a.<\/span><\/li><\/ul><p><span class=\"dig-1hicw9p1_4-6-0 dig-1hicw9p0_4-6-0 dig-ekabin0_4-6-0 dig-Theme-vis2023 dig-Theme-vis2023--dark dig-Mode--dark In-Theme-Provider\">2019 <\/span><\/p><ul><li><span class=\"dig-1hicw9p1_4-6-0 dig-1hicw9p0_4-6-0 dig-ekabin0_4-6-0 dig-Theme-vis2023 dig-Theme-vis2023--dark dig-Mode--dark In-Theme-Provider\">\u201cSacredPlaces\u201d, PEN Projects, Miami Florida.<\/span><\/li><li><span class=\"dig-1hicw9p1_4-6-0 dig-1hicw9p0_4-6-0 dig-ekabin0_4-6-0 dig-Theme-vis2023 dig-Theme-vis2023--dark dig-Mode--dark In-Theme-Provider\"> \u201cEn la Mirada del Observador\u201d, Fundaci\u00f3n Pons, Madrid, Espa\u00f1a.<\/span><\/li><\/ul><p><span class=\"dig-1hicw9p1_4-6-0 dig-1hicw9p0_4-6-0 dig-ekabin0_4-6-0 dig-Theme-vis2023 dig-Theme-vis2023--dark dig-Mode--dark In-Theme-Provider\">2016<\/span><\/p><ul><li><span class=\"dig-1hicw9p1_4-6-0 dig-1hicw9p0_4-6-0 dig-ekabin0_4-6-0 dig-Theme-vis2023 dig-Theme-vis2023--dark dig-Mode--dark In-Theme-Provider\">\u201cLa Maqueta Humana\u201d, Galer\u00eda Casa Gotxicoa, Monterrey M\u00e9xico.<\/span><\/li><\/ul>\t\t\t\t\t\t\t\t<\/div>\n\t\t\t\t<\/div>\n\t\t\t\t<\/div>\n\t\t<div class=\"elementor-element elementor-element-9a9ade8 e-con-full e-flex wpr-particle-no wpr-jarallax-no wpr-parallax-no wpr-sticky-section-no wpr-equal-height-no e-con e-child\" data-id=\"9a9ade8\" data-element_type=\"container\" data-e-type=\"container\">\n\t\t\t\t<div class=\"elementor-element elementor-element-35b6b04 elementor-widget elementor-widget-heading\" data-id=\"35b6b04\" data-element_type=\"widget\" data-e-type=\"widget\" data-widget_type=\"heading.default\">\n\t\t\t\t\t<h2 class=\"elementor-heading-title elementor-size-default\">PUBLIC WORKS<\/h2>\t\t\t\t<\/div>\n\t\t\t\t<div class=\"elementor-element elementor-element-dd773ef elementor-widget elementor-widget-text-editor\" data-id=\"dd773ef\" data-element_type=\"widget\" data-e-type=\"widget\" data-widget_type=\"text-editor.default\">\n\t\t\t\t\t\t\t\t\t<ul><li><span class=\"dig-1hicw9p1_4-6-0 dig-1hicw9p0_4-6-0 dig-ekabin0_4-6-0 dig-Theme-vis2023 dig-Theme-vis2023--dark dig-Mode--dark In-Theme-Provider\">Acervo cultural Ayuntamiento de M\u00e9rida, Yucat\u00e1n \u2013\u201cLo que dejamos pasar\u201d Escultura monumental.<\/span><\/li><li><span class=\"dig-1hicw9p1_4-6-0 dig-1hicw9p0_4-6-0 dig-ekabin0_4-6-0 dig-Theme-vis2023 dig-Theme-vis2023--dark dig-Mode--dark In-Theme-Provider\">Colecci\u00f3n Inmobilia \u2013\u201cMonumento #SG05\u201d Escultura monumental.<\/span><\/li><\/ul>\t\t\t\t\t\t\t\t<\/div>\n\t\t\t\t<div class=\"elementor-element elementor-element-8b796f5 elementor-widget elementor-widget-spacer\" data-id=\"8b796f5\" data-element_type=\"widget\" data-e-type=\"widget\" data-widget_type=\"spacer.default\">\n\t\t\t\t\t\t\t<div class=\"elementor-spacer\">\n\t\t\t<div class=\"elementor-spacer-inner\"><\/div>\n\t\t<\/div>\n\t\t\t\t\t\t<\/div>\n\t\t<div class=\"elementor-element elementor-element-f518c81 e-con-full e-flex wpr-particle-no wpr-jarallax-no wpr-parallax-no wpr-sticky-section-no wpr-equal-height-no e-con e-child\" data-id=\"f518c81\" data-element_type=\"container\" data-e-type=\"container\">\n\t\t\t\t<div class=\"elementor-element elementor-element-130dfdc elementor-widget elementor-widget-heading\" data-id=\"130dfdc\" data-element_type=\"widget\" data-e-type=\"widget\" data-widget_type=\"heading.default\">\n\t\t\t\t\t<h2 class=\"elementor-heading-title elementor-size-default translation-block\">COLLECTIVE EXHIBITIONS<\/h2>\t\t\t\t<\/div>\n\t\t\t\t<div class=\"elementor-element elementor-element-29a9cdc elementor-widget elementor-widget-text-editor\" data-id=\"29a9cdc\" data-element_type=\"widget\" data-e-type=\"widget\" data-widget_type=\"text-editor.default\">\n\t\t\t\t\t\t\t\t\t<p><span class=\"dig-1hicw9p1_4-6-0 dig-1hicw9p0_4-6-0 dig-ekabin0_4-6-0 dig-Theme-vis2023 dig-Theme-vis2023--dark dig-Mode--dark In-Theme-Provider\">2024<\/span><\/p><ul><li><span class=\"dig-1hicw9p1_4-6-0 dig-1hicw9p0_4-6-0 dig-ekabin0_4-6-0 dig-Theme-vis2023 dig-Theme-vis2023--dark dig-Mode--dark In-Theme-Provider\">\u201cThe Summer exhibition\u201d, Galer\u00eda Lux Perpetua, M\u00e9rida, Yucat\u00e1n.<\/span><\/li><li><span class=\"dig-1hicw9p1_4-6-0 dig-1hicw9p0_4-6-0 dig-ekabin0_4-6-0 dig-Theme-vis2023 dig-Theme-vis2023--dark dig-Mode--dark In-Theme-Provider\"> \u201cReflejos Ocultos\u201d, Maison Celeste. CDMX.<\/span><\/li><\/ul><p><span class=\"dig-1hicw9p1_4-6-0 dig-1hicw9p0_4-6-0 dig-ekabin0_4-6-0 dig-Theme-vis2023 dig-Theme-vis2023--dark dig-Mode--dark In-Theme-Provider\">2023 <\/span><\/p><ul><li><span class=\"dig-1hicw9p1_4-6-0 dig-1hicw9p0_4-6-0 dig-ekabin0_4-6-0 dig-Theme-vis2023 dig-Theme-vis2023--dark dig-Mode--dark In-Theme-Provider\">\u201cThe summer exhibition\u201d, Galer\u00eda Lux Perpetua. M\u00e9rida, Yucat\u00e1n.<\/span><\/li><\/ul><p><span class=\"dig-1hicw9p1_4-6-0 dig-1hicw9p0_4-6-0 dig-ekabin0_4-6-0 dig-Theme-vis2023 dig-Theme-vis2023--dark dig-Mode--dark In-Theme-Provider\">2022.<\/span><\/p><ul><li><span class=\"dig-1hicw9p1_4-6-0 dig-1hicw9p0_4-6-0 dig-ekabin0_4-6-0 dig-Theme-vis2023 dig-Theme-vis2023--dark dig-Mode--dark In-Theme-Provider\">\u201cCarajillo\u201d, Nave Oporto, Madrid, Espa\u00f1a.<\/span><\/li><\/ul><p><span class=\"dig-1hicw9p1_4-6-0 dig-1hicw9p0_4-6-0 dig-ekabin0_4-6-0 dig-Theme-vis2023 dig-Theme-vis2023--dark dig-Mode--dark In-Theme-Provider\">2020<\/span><\/p><ul><li><span class=\"dig-1hicw9p1_4-6-0 dig-1hicw9p0_4-6-0 dig-ekabin0_4-6-0 dig-Theme-vis2023 dig-Theme-vis2023--dark dig-Mode--dark In-Theme-Provider\">\u201cCorriente Alterna \/ Corriente Continua\u201d Galer\u00eda Nueva, Madrid, Espa\u00f1a.<\/span><\/li><\/ul><p><span class=\"dig-1hicw9p1_4-6-0 dig-1hicw9p0_4-6-0 dig-ekabin0_4-6-0 dig-Theme-vis2023 dig-Theme-vis2023--dark dig-Mode--dark In-Theme-Provider\">2019<\/span><\/p><ul><li><span class=\"dig-1hicw9p1_4-6-0 dig-1hicw9p0_4-6-0 dig-ekabin0_4-6-0 dig-Theme-vis2023 dig-Theme-vis2023--dark dig-Mode--dark In-Theme-Provider\">PEN Projects, Miami, Florida.<\/span><\/li><li><span class=\"dig-1hicw9p1_4-6-0 dig-1hicw9p0_4-6-0 dig-ekabin0_4-6-0 dig-Theme-vis2023 dig-Theme-vis2023--dark dig-Mode--dark In-Theme-Provider\">Aqua Art Miami, Rubber Stamp <\/span><span class=\"dig-1hicw9p1_4-6-0 dig-1hicw9p0_4-6-0 dig-ekabin0_4-6-0 dig-Theme-vis2023 dig-Theme-vis2023--dark dig-Mode--dark In-Theme-Provider\">Art Projects, Miami, Florida. <\/span><\/li><li><span class=\"dig-1hicw9p1_4-6-0 dig-1hicw9p0_4-6-0 dig-ekabin0_4-6-0 dig-Theme-vis2023 dig-Theme-vis2023--dark dig-Mode--dark In-Theme-Provider\">Espacio Mannach, Ciudad de M\u00e9xico.<\/span><\/li><\/ul><p><span class=\"dig-1hicw9p1_4-6-0 dig-1hicw9p0_4-6-0 dig-ekabin0_4-6-0 dig-Theme-vis2023 dig-Theme-vis2023--dark dig-Mode--dark In-Theme-Provider\">2018 <\/span><\/p><ul><li><span class=\"dig-1hicw9p1_4-6-0 dig-1hicw9p0_4-6-0 dig-ekabin0_4-6-0 dig-Theme-vis2023 dig-Theme-vis2023--dark dig-Mode--dark In-Theme-Provider\">Galer\u00eda Pandea Cartesiano, Puebla, M\u00e9xico.<\/span><\/li><li><span class=\"dig-1hicw9p1_4-6-0 dig-1hicw9p0_4-6-0 dig-ekabin0_4-6-0 dig-Theme-vis2023 dig-Theme-vis2023--dark dig-Mode--dark In-Theme-Provider\">Museo Vostell Malpartida, Malpartida de C\u00e1ceres, Espa\u00f1a.<\/span><\/li><\/ul><p><span class=\"dig-1hicw9p1_4-6-0 dig-1hicw9p0_4-6-0 dig-ekabin0_4-6-0 dig-Theme-vis2023 dig-Theme-vis2023--dark dig-Mode--dark In-Theme-Provider\">2017 <\/span><\/p><ul><li><span class=\"dig-1hicw9p1_4-6-0 dig-1hicw9p0_4-6-0 dig-ekabin0_4-6-0 dig-Theme-vis2023 dig-Theme-vis2023--dark dig-Mode--dark In-Theme-Provider\">Royal College of Art, Londres, Inglaterra.<\/span><\/li><\/ul>\t\t\t\t\t\t\t\t<\/div>\n\t\t\t\t<\/div>\n\t\t\t\t<\/div>\n\t\t\t\t\t<\/div>\n\t\t\t\t<\/div>\n\t\t<div class=\"elementor-element elementor-element-64d393a e-con-full e-flex wpr-particle-no wpr-jarallax-no wpr-parallax-no wpr-sticky-section-no wpr-equal-height-no e-con e-child\" data-id=\"64d393a\" data-element_type=\"container\" data-e-type=\"container\">\n\t\t\t\t<div class=\"elementor-element elementor-element-ae031b8 elementor-widget elementor-widget-spacer\" data-id=\"ae031b8\" data-element_type=\"widget\" data-e-type=\"widget\" data-widget_type=\"spacer.default\">\n\t\t\t\t\t\t\t<div class=\"elementor-spacer\">\n\t\t\t<div class=\"elementor-spacer-inner\"><\/div>\n\t\t<\/div>\n\t\t\t\t\t\t<\/div>\n\t\t\t\t<div class=\"elementor-element elementor-element-f7e3b00 elementor-widget elementor-widget-heading\" data-id=\"f7e3b00\" data-element_type=\"widget\" data-e-type=\"widget\" data-widget_type=\"heading.default\">\n\t\t\t\t\t<h2 class=\"elementor-heading-title elementor-size-default\"><span><span><span><span><span>GRANTS AND RESIDENCES<\/span><\/span><\/span><\/span><\/span><\/h2>\t\t\t\t<\/div>\n\t\t\t\t<div class=\"elementor-element elementor-element-fc3640c elementor-widget elementor-widget-text-editor\" data-id=\"fc3640c\" data-element_type=\"widget\" data-e-type=\"widget\" data-widget_type=\"text-editor.default\">\n\t\t\t\t\t\t\t\t\t<ul><li><span class=\"dig-1hicw9p1_4-6-0 dig-1hicw9p0_4-6-0 dig-ekabin0_4-6-0 dig-Theme-vis2023 dig-Theme-vis2023--dark dig-Mode--dark In-Theme-Provider\">2025 Residencia Anfitri\u00f3n. Marbella Espa\u00f1a, beca de producci\u00f3n.<\/span><\/li><li><span class=\"dig-1hicw9p1_4-6-0 dig-1hicw9p0_4-6-0 dig-ekabin0_4-6-0 dig-Theme-vis2023 dig-Theme-vis2023--dark dig-Mode--dark In-Theme-Provider\">2024 OnomichiJap\u00f3n. Residencia art\u00edstica Off line Ventures.<\/span><\/li><li><span class=\"dig-1hicw9p1_4-6-0 dig-1hicw9p0_4-6-0 dig-ekabin0_4-6-0 dig-Theme-vis2023 dig-Theme-vis2023--dark dig-Mode--dark In-Theme-Provider\">2023. Casa Lool, beca de producci\u00f3n de obra gr\u00e1fica<\/span><\/li><\/ul>\t\t\t\t\t\t\t\t<\/div>\n\t\t\t\t<\/div>\n\t\t\t\t<\/div>","protected":false},"excerpt":{"rendered":"<p>COLECCIONES Colecci\u00f3n LODEMO M\u00e9xico Colecci\u00f3n Bepensa M\u00e9xico Fundaci\u00f3n PONS, Madrid Espa\u00f1a Colecci\u00f3n Centro Cultural Casa de Indias, C\u00e1diz Espa\u00f1a Colecci\u00f3n permanente Museo de los Ferrocarriles, M\u00e9rida M\u00e9xico. \u201cEntre el juego y el progreso\u201d, Escultura Monumental. EXPOSICIONES INVIDUALES 2025 \u201dEres quien practicas ser\u201d, Galer\u00eda Alejandra Topete, CDMX, Mx. \u201dUn pueblo por un Euro\u201d, Galer\u00eda Gotxicoa, Monterrey, Mexico \u201cUn techo sobre mi cabeza\u201d , Galer\u00eda Lux Perpetua, M\u00e9rida, M\u00e9xico. 2024 \u201cMonumentos\u201d, Embajada de M\u00e9xico en Jap\u00f3n. Tokio, Jap\u00f3n. 2023 \u201cMonumento\u201d, Gran Museo del Mundo Maya, M\u00e9rida, M\u00e9xico. \u201cWilliam Gaber\u201d, Kuna Galer\u00eda, San Miguel de Allende, M\u00e9xico \u201cMonumento\u201d, Galer\u00eda Alfredo Ginocchio, CDMX. 2022 \u201cLo que dejamos pasar\u201d, Centro Cultural Olimpo, M\u00e9rida, M\u00e9xico. \u201cLo que dejamos pasar\u201d, Embajada de M\u00e9xico en Espa\u00f1a, ICME. 2021 \u201cWhole\u201d PEN Projects, Miami, Florida. \u201c\u00bfQu\u00e9 estar\u00e1 haciendo Houdini?\u201d, Centro de Arte Casa de Indias, C\u00e1diz, Espa\u00f1a. 2019 \u201cSacredPlaces\u201d, PEN Projects, Miami Florida. \u201cEn la Mirada del Observador\u201d, Fundaci\u00f3n Pons, Madrid, Espa\u00f1a. 2016 \u201cLa Maqueta Humana\u201d, Galer\u00eda Casa Gotxicoa, Monterrey M\u00e9xico. OBRA PUBLICA Acervo cultural Ayuntamiento de M\u00e9rida, Yucat\u00e1n \u2013\u201cLo que dejamos pasar\u201d Escultura monumental. Colecci\u00f3n Inmobilia \u2013\u201cMonumento #SG05\u201d Escultura monumental. EXPOSICIONES COLECTIVAS 2024 \u201cThe Summer exhibition\u201d, Galer\u00eda Lux Perpetua, M\u00e9rida, Yucat\u00e1n. \u201cReflejos Ocultos\u201d, Maison Celeste. CDMX. 2023 \u201cThe summer exhibition\u201d, Galer\u00eda Lux Perpetua. M\u00e9rida, Yucat\u00e1n. 2022. \u201cCarajillo\u201d, Nave Oporto, Madrid, Espa\u00f1a. 2020 \u201cCorriente Alterna \/ Corriente Continua\u201d Galer\u00eda Nueva, Madrid, Espa\u00f1a. 2019 PEN Projects, Miami, Florida. Aqua Art Miami, Rubber Stamp Art Projects, Miami, Florida. Espacio Mannach, Ciudad de M\u00e9xico. 2018 Galer\u00eda Pandea Cartesiano, Puebla, M\u00e9xico. Museo Vostell Malpartida, Malpartida de C\u00e1ceres, Espa\u00f1a. 2017 Royal College of Art, Londres, Inglaterra. BECAS Y RESIDENCIAS 2025 Residencia Anfitri\u00f3n. Marbella Espa\u00f1a, beca de producci\u00f3n. 2024 OnomichiJap\u00f3n. Residencia art\u00edstica Off line Ventures. 2023. Casa Lool, beca de producci\u00f3n de obra gr\u00e1fica<\/p>","protected":false},"author":1,"featured_media":0,"parent":0,"menu_order":0,"comment_status":"closed","ping_status":"closed","template":"","meta":{"footnotes":""},"class_list":["post-1430","page","type-page","status-publish","hentry"],"_links":{"self":[{"href":"https:\/\/williamgaber.com\/en\/wp-json\/wp\/v2\/pages\/1430","targetHints":{"allow":["GET"]}}],"collection":[{"href":"https:\/\/williamgaber.com\/en\/wp-json\/wp\/v2\/pages"}],"about":[{"href":"https:\/\/williamgaber.com\/en\/wp-json\/wp\/v2\/types\/page"}],"author":[{"embeddable":true,"href":"https:\/\/williamgaber.com\/en\/wp-json\/wp\/v2\/users\/1"}],"replies":[{"embeddable":true,"href":"https:\/\/williamgaber.com\/en\/wp-json\/wp\/v2\/comments?post=1430"}],"version-history":[{"count":25,"href":"https:\/\/williamgaber.com\/en\/wp-json\/wp\/v2\/pages\/1430\/revisions"}],"predecessor-version":[{"id":2245,"href":"https:\/\/williamgaber.com\/en\/wp-json\/wp\/v2\/pages\/1430\/revisions\/2245"}],"wp:attachment":[{"href":"https:\/\/williamgaber.com\/en\/wp-json\/wp\/v2\/media?parent=1430"}],"curies":[{"name":"wp","href":"https:\/\/api.w.org\/{rel}","templated":true}]}}