{"id":1424,"date":"2025-09-24T17:53:07","date_gmt":"2025-09-24T17:53:07","guid":{"rendered":"http:\/\/localhost\/gaberwp\/?page_id=1424"},"modified":"2025-11-04T16:25:04","modified_gmt":"2025-11-04T16:25:04","slug":"bio","status":"publish","type":"page","link":"https:\/\/williamgaber.com\/en\/bio\/","title":{"rendered":"Bio"},"content":{"rendered":"<div data-elementor-type=\"wp-page\" data-elementor-id=\"1424\" class=\"elementor elementor-1424\">\n\t\t\t\t<div class=\"elementor-element elementor-element-d736fef e-flex e-con-boxed wpr-particle-no wpr-jarallax-no wpr-parallax-no wpr-sticky-section-no wpr-equal-height-no e-con e-parent\" data-id=\"d736fef\" data-element_type=\"container\" data-e-type=\"container\">\n\t\t\t\t\t<div class=\"e-con-inner\">\n\t\t\t\t<div class=\"elementor-element elementor-element-f7c7821 elementor-position-left elementor-widget-laptop__width-initial e-transform elementor-vertical-align-middle elementor-invisible elementor-widget elementor-widget-image-box\" data-id=\"f7c7821\" data-element_type=\"widget\" data-e-type=\"widget\" data-settings=\"{&quot;_transform_skewX_effect&quot;:{&quot;unit&quot;:&quot;px&quot;,&quot;size&quot;:0,&quot;sizes&quot;:[]},&quot;_animation&quot;:&quot;fadeIn&quot;,&quot;_transform_skewX_effect_laptop&quot;:{&quot;unit&quot;:&quot;deg&quot;,&quot;size&quot;:&quot;&quot;,&quot;sizes&quot;:[]},&quot;_transform_skewX_effect_tablet&quot;:{&quot;unit&quot;:&quot;deg&quot;,&quot;size&quot;:&quot;&quot;,&quot;sizes&quot;:[]},&quot;_transform_skewX_effect_mobile&quot;:{&quot;unit&quot;:&quot;deg&quot;,&quot;size&quot;:&quot;&quot;,&quot;sizes&quot;:[]},&quot;_transform_skewY_effect&quot;:{&quot;unit&quot;:&quot;px&quot;,&quot;size&quot;:&quot;&quot;,&quot;sizes&quot;:[]},&quot;_transform_skewY_effect_laptop&quot;:{&quot;unit&quot;:&quot;deg&quot;,&quot;size&quot;:&quot;&quot;,&quot;sizes&quot;:[]},&quot;_transform_skewY_effect_tablet&quot;:{&quot;unit&quot;:&quot;deg&quot;,&quot;size&quot;:&quot;&quot;,&quot;sizes&quot;:[]},&quot;_transform_skewY_effect_mobile&quot;:{&quot;unit&quot;:&quot;deg&quot;,&quot;size&quot;:&quot;&quot;,&quot;sizes&quot;:[]}}\" data-widget_type=\"image-box.default\">\n\t\t\t\t\t<div class=\"elementor-image-box-wrapper\"><figure class=\"elementor-image-box-img\"><img fetchpriority=\"high\" decoding=\"async\" width=\"640\" height=\"914\" src=\"https:\/\/williamgaber.com\/wp-content\/uploads\/2025\/09\/fotogaber.jpeg\" class=\"attachment-full size-full wp-image-1420\" alt=\"\" \/><\/figure><div class=\"elementor-image-box-content\"><h3 class=\"elementor-image-box-title\">BIOGRAPHY<\/h3><p class=\"elementor-image-box-description\">Mexico (1968) William Gaber\u2019s work addresses two main themes: on the one hand, the human condition \u2014 in its aspects of constant mutation, mobility, adaptability, and conditioning with respect to the social environment \u2014 and, on the other hand, architecture, as a testimony of historical memory and as a container and influence in the intimate experience of being.\n\nA multidisciplinary artist by definition, Gaber explores the processes of change, migration (not only of country but of skin), adaptability, survival, and the inescapable fatality of historical evolution, to which he refers with irony and a sense of humor.\n\nAt the same time, his language is nourished by architecture \u2014 not only for its aesthetic or formal qualities, but for its possibilities as a container, modifier, and testimony of the human experience.\n\nGaber\u2019s childhood and formative period as an artist were spent amid the tropical landscape of the Yucat\u00e1n and the vernacular architecture of M\u00e9rida, which served as an aesthetic background and sounding board for his first explorations. Hence, to this day, his exultant use of color and his consonance with the Mexican school of painting.<\/p><\/div><\/div>\t\t\t\t<\/div>\n\t\t\t\t<div class=\"elementor-element elementor-element-fec944d elementor-widget elementor-widget-spacer\" data-id=\"fec944d\" data-element_type=\"widget\" data-e-type=\"widget\" data-widget_type=\"spacer.default\">\n\t\t\t\t\t\t\t<div class=\"elementor-spacer\">\n\t\t\t<div class=\"elementor-spacer-inner\"><\/div>\n\t\t<\/div>\n\t\t\t\t\t\t<\/div>\n\t\t\t\t\t<\/div>\n\t\t\t\t<\/div>\n\t\t\t\t<\/div>","protected":false},"excerpt":{"rendered":"<p>BIOGRAFIA M\u00e9xico (1968) es un artista que divide su tiempo entre Ciudad de M\u00e9xico, Yucat\u00e1n y Madrid (Espa\u00f1a). Gaber ha desarrollado su vocaci\u00f3n de manera autodidacta, a la vez que ha estudiado bajo la tutela de diferentes maestros en M\u00e9xico y en programas cortos en escuelas reconocidas como el Royal College of Art en Londres, Inglaterra. Tambi\u00e9n ha trabajado como ayudante en talleres de artistas reconocidos. Tiene tres obras p\u00fablicas y obra tanto en colecciones privadas como en instituciones. El trabajo de William Gaber explora diferentes medios como la pintura, el dibujo y la escultura. La elecci\u00f3n y diversidad de medios en su lenguaje es parte integral de su identidad como artista; no sigue al capricho o al azar, sino que lo ubica como un artista de su tiempo y un agudo e ingenioso observador de la realidad.<\/p>","protected":false},"author":1,"featured_media":0,"parent":0,"menu_order":0,"comment_status":"closed","ping_status":"closed","template":"","meta":{"footnotes":""},"class_list":["post-1424","page","type-page","status-publish","hentry"],"_links":{"self":[{"href":"https:\/\/williamgaber.com\/en\/wp-json\/wp\/v2\/pages\/1424","targetHints":{"allow":["GET"]}}],"collection":[{"href":"https:\/\/williamgaber.com\/en\/wp-json\/wp\/v2\/pages"}],"about":[{"href":"https:\/\/williamgaber.com\/en\/wp-json\/wp\/v2\/types\/page"}],"author":[{"embeddable":true,"href":"https:\/\/williamgaber.com\/en\/wp-json\/wp\/v2\/users\/1"}],"replies":[{"embeddable":true,"href":"https:\/\/williamgaber.com\/en\/wp-json\/wp\/v2\/comments?post=1424"}],"version-history":[{"count":22,"href":"https:\/\/williamgaber.com\/en\/wp-json\/wp\/v2\/pages\/1424\/revisions"}],"predecessor-version":[{"id":2242,"href":"https:\/\/williamgaber.com\/en\/wp-json\/wp\/v2\/pages\/1424\/revisions\/2242"}],"wp:attachment":[{"href":"https:\/\/williamgaber.com\/en\/wp-json\/wp\/v2\/media?parent=1424"}],"curies":[{"name":"wp","href":"https:\/\/api.w.org\/{rel}","templated":true}]}}